{"id":1184,"date":"2017-09-14T10:43:12","date_gmt":"2017-09-14T10:43:12","guid":{"rendered":"http:\/\/valeursagile.com\/index.php\/about-us\/"},"modified":"2024-01-13T17:47:57","modified_gmt":"2024-01-13T16:47:57","slug":"about-us","status":"publish","type":"page","link":"https:\/\/valeursagile.com\/index.php\/about-us\/","title":{"rendered":"A propos"},"content":{"rendered":"\t\t<div data-elementor-type=\"wp-post\" data-elementor-id=\"1184\" class=\"elementor elementor-1184\" data-elementor-post-type=\"page\">\n\t\t\t\t\t\t<section class=\"elementor-section elementor-top-section elementor-element elementor-element-b5fb0ec elementor-section-boxed elementor-section-height-default elementor-section-height-default\" data-id=\"b5fb0ec\" data-element_type=\"section\" data-e-type=\"section\" data-settings=\"{&quot;background_background&quot;:&quot;classic&quot;}\">\n\t\t\t\t\t\t\t<div class=\"elementor-background-overlay\"><\/div>\n\t\t\t\t\t\t\t<div class=\"elementor-container elementor-column-gap-no\">\n\t\t\t\t\t<div class=\"elementor-column elementor-col-100 elementor-top-column elementor-element elementor-element-211dd39\" data-id=\"211dd39\" data-element_type=\"column\" data-e-type=\"column\">\n\t\t\t<div class=\"elementor-widget-wrap elementor-element-populated\">\n\t\t\t\t\t\t<div class=\"elementor-element elementor-element-3b23e95 elementor-widget elementor-widget-heading\" data-id=\"3b23e95\" data-element_type=\"widget\" data-e-type=\"widget\" data-widget_type=\"heading.default\">\n\t\t\t\t<div class=\"elementor-widget-container\">\n\t\t\t\t\t<h1 class=\"elementor-heading-title elementor-size-default\">A propos<\/h1>\t\t\t\t<\/div>\n\t\t\t\t<\/div>\n\t\t\t\t<div class=\"elementor-element elementor-element-e342adf elementor-widget elementor-widget-text-editor\" data-id=\"e342adf\" data-element_type=\"widget\" data-e-type=\"widget\" data-widget_type=\"text-editor.default\">\n\t\t\t\t<div class=\"elementor-widget-container\">\n\t\t\t\t\t\t\t\t\t<p>Devenez l\u2019entreprise la plus rapide \u00e0 saisir les opportunit\u00e9s du march\u00e9 m\u00eame en temps de crise\u200b<\/p>\t\t\t\t\t\t\t\t<\/div>\n\t\t\t\t<\/div>\n\t\t\t\t\t<\/div>\n\t\t<\/div>\n\t\t\t\t\t<\/div>\n\t\t<\/section>\n\t\t\t\t<section class=\"elementor-section elementor-top-section elementor-element elementor-element-536914d elementor-section-content-middle elementor-section-boxed elementor-section-height-default elementor-section-height-default\" data-id=\"536914d\" data-element_type=\"section\" data-e-type=\"section\" data-settings=\"{&quot;background_background&quot;:&quot;classic&quot;}\">\n\t\t\t\t\t\t<div class=\"elementor-container elementor-column-gap-no\">\n\t\t\t\t\t<div class=\"elementor-column elementor-col-50 elementor-top-column elementor-element elementor-element-cd93d28\" data-id=\"cd93d28\" data-element_type=\"column\" data-e-type=\"column\">\n\t\t\t<div class=\"elementor-widget-wrap elementor-element-populated\">\n\t\t\t\t\t\t<div class=\"elementor-element elementor-element-e9bb90e elementor-widget elementor-widget-heading\" data-id=\"e9bb90e\" data-element_type=\"widget\" data-e-type=\"widget\" data-widget_type=\"heading.default\">\n\t\t\t\t<div class=\"elementor-widget-container\">\n\t\t\t\t\t<h2 class=\"elementor-heading-title elementor-size-default\">Nos convictions<\/h2>\t\t\t\t<\/div>\n\t\t\t\t<\/div>\n\t\t\t\t<div class=\"elementor-element elementor-element-aa6f5b1 elementor-widget elementor-widget-text-editor\" data-id=\"aa6f5b1\" data-element_type=\"widget\" data-e-type=\"widget\" data-widget_type=\"text-editor.default\">\n\t\t\t\t<div class=\"elementor-widget-container\">\n\t\t\t\t\t\t\t\t\t<p class=\"MsoNormal\">L&rsquo;acc\u00e9l\u00e9ration technologique est pr\u00e9sente \u00e0 tout niveau et bouleverse r\u00e9guli\u00e8rement le march\u00e9 dans notre quotidien. Ce ph\u00e9nom\u00e8ne s&rsquo;est encore accentu\u00e9 avec les pr\u00e9c\u00e9dentes crises.<\/p><p class=\"MsoNormal\"><span style=\"font-style: inherit; font-weight: inherit; color: var(--ast-global-color-3);\">Cependant, s&rsquo;adapter est non n\u00e9gociable pour ne pas\u00a0<\/span><span style=\"font-style: inherit; font-weight: inherit; color: var(--ast-global-color-3);\">\u00eatre rapidement d\u00e9pass\u00e9s par de nouveaux comp\u00e9titeurs.<\/span><\/p><p class=\"MsoNormal\">\u00a0<\/p><p class=\"MsoNormal\"><span style=\"font-style: inherit; font-weight: inherit; color: var(--ast-global-color-3);\">Notre conviction : ces changements sont de\u00a0<\/span><span style=\"font-style: inherit; font-weight: inherit; color: var(--ast-global-color-3);\">formidables opportunit\u00e9s. L&rsquo;Agilit\u00e9 et le Coaching sont des solutions concr\u00e8tes \u00e0 ces challenges.<\/span><\/p><p class=\"MsoNormal\"><span style=\"font-style: inherit; font-weight: inherit; color: var(--ast-global-color-3);\">L&rsquo;Agilit\u00e9 permet de s&rsquo;adapter aux nouvelles opportunit\u00e9s et de r\u00e9pondre au plus pr\u00e8s des attentes des utilisateurs. Elle limite le gaspillage en temps, en argent et en \u00e9nergie, et elle r\u00e9duit le \u00ab\u00a0time to market\u00a0\u00bb, tout en augmentant la qualit\u00e9 des produits.\u00a0<\/span><\/p><p class=\"MsoNormal\"><span style=\"font-style: inherit; font-weight: inherit; color: var(--ast-global-color-3);\">D&rsquo;autre part, la posture de coach favorise consid\u00e9rablement l&rsquo;engagement et l&rsquo;implication des acteurs concern\u00e9s.\u00a0<\/span><\/p><p class=\"MsoNormal\">\u00a0<\/p><p class=\"MsoNormal\"><span style=\"color: var(--ast-global-color-3); font-style: inherit; font-weight: inherit;\">Nous sommes convaincus que les valeurs Agile alli\u00e9es aux outils du coaching professionnel sont des pratiques efficaces pour\u00a0piloter la valeur avec succ\u00e8s.\u00a0 C&rsquo;est pourquoi nos formateurs ainsi que\u00a0nos consultants sont form\u00e9s \u00e0 cette double approche.\u00a0<\/span><\/p><p class=\"MsoNormal\"><span style=\"background-image: initial; background-position: initial; background-size: initial; background-repeat: initial; background-attachment: initial; background-origin: initial; background-clip: initial;\">Le coaching fait partie de\u00a0notre ADN entrepreunarial.\u00a0<\/span><\/p><p class=\"MsoNormal\"><span style=\"background-image: initial; background-position: initial; background-size: initial; background-repeat: initial; background-attachment: initial; background-origin: initial; background-clip: initial;\">C&rsquo;est pourquoi nous nous engageons aussi \u00e0 offrir des coachings \u00e0 des personnes en situation de pr\u00e9carit\u00e9 ou de fragilit\u00e9.<\/span><\/p>\t\t\t\t\t\t\t\t<\/div>\n\t\t\t\t<\/div>\n\t\t\t\t\t<\/div>\n\t\t<\/div>\n\t\t\t\t<div class=\"elementor-column elementor-col-50 elementor-top-column elementor-element elementor-element-d696d53\" data-id=\"d696d53\" data-element_type=\"column\" data-e-type=\"column\" data-settings=\"{&quot;background_background&quot;:&quot;classic&quot;}\">\n\t\t\t<div class=\"elementor-widget-wrap elementor-element-populated\">\n\t\t\t\t\t<div class=\"elementor-background-overlay\"><\/div>\n\t\t\t\t\t\t<div class=\"elementor-element elementor-element-23b8262 elementor-widget elementor-widget-image\" data-id=\"23b8262\" data-element_type=\"widget\" data-e-type=\"widget\" data-widget_type=\"image.default\">\n\t\t\t\t<div class=\"elementor-widget-container\">\n\t\t\t\t\t\t\t\t\t\t\t\t\t\t\t<img fetchpriority=\"high\" decoding=\"async\" width=\"640\" height=\"445\" src=\"https:\/\/valeursagile.com\/wp-content\/uploads\/2020\/07\/about-1.jpg\" class=\"attachment-full size-full wp-image-1101\" alt=\"\" srcset=\"https:\/\/valeursagile.com\/wp-content\/uploads\/2020\/07\/about-1.jpg 640w, https:\/\/valeursagile.com\/wp-content\/uploads\/2020\/07\/about-1-300x209.jpg 300w\" sizes=\"(max-width: 640px) 100vw, 640px\" \/>\t\t\t\t\t\t\t\t\t\t\t\t\t\t\t<\/div>\n\t\t\t\t<\/div>\n\t\t\t\t\t<\/div>\n\t\t<\/div>\n\t\t\t\t\t<\/div>\n\t\t<\/section>\n\t\t\t\t<section class=\"elementor-section elementor-top-section elementor-element elementor-element-b8cea39 elementor-section-boxed elementor-section-height-default elementor-section-height-default\" data-id=\"b8cea39\" data-element_type=\"section\" data-e-type=\"section\" data-settings=\"{&quot;background_background&quot;:&quot;classic&quot;}\">\n\t\t\t\t\t\t<div class=\"elementor-container elementor-column-gap-no\">\n\t\t\t\t\t<div class=\"elementor-column elementor-col-100 elementor-top-column elementor-element elementor-element-17002b5\" data-id=\"17002b5\" data-element_type=\"column\" data-e-type=\"column\">\n\t\t\t<div class=\"elementor-widget-wrap elementor-element-populated\">\n\t\t\t\t\t\t<div class=\"elementor-element elementor-element-1086b37 elementor-widget elementor-widget-heading\" data-id=\"1086b37\" data-element_type=\"widget\" data-e-type=\"widget\" data-widget_type=\"heading.default\">\n\t\t\t\t<div class=\"elementor-widget-container\">\n\t\t\t\t\t<h2 class=\"elementor-heading-title elementor-size-default\">Le fondateur<\/h2>\t\t\t\t<\/div>\n\t\t\t\t<\/div>\n\t\t\t\t<div class=\"elementor-element elementor-element-37c96e6 elementor-widget elementor-widget-text-editor\" data-id=\"37c96e6\" data-element_type=\"widget\" data-e-type=\"widget\" data-widget_type=\"text-editor.default\">\n\t\t\t\t<div class=\"elementor-widget-container\">\n\t\t\t\t\t\t\t\t\t<p>Ing\u00e9nieur, consultant SPC, coach Agile, formateur et coach professionnel, Beno\u00eet aide les organisations \u00e0 apporter toujours plus de sens et de valeur dans leurs activit\u00e9s, en mettant l&rsquo;humain au centre.&nbsp;<\/p>\t\t\t\t\t\t\t\t<\/div>\n\t\t\t\t<\/div>\n\t\t\t\t<section class=\"elementor-section elementor-inner-section elementor-element elementor-element-f49117a elementor-section-boxed elementor-section-height-default elementor-section-height-default\" data-id=\"f49117a\" data-element_type=\"section\" data-e-type=\"section\">\n\t\t\t\t\t\t<div class=\"elementor-container elementor-column-gap-no\">\n\t\t\t\t\t<div class=\"elementor-column elementor-col-33 elementor-inner-column elementor-element elementor-element-1e8283b\" data-id=\"1e8283b\" data-element_type=\"column\" data-e-type=\"column\">\n\t\t\t<div class=\"elementor-widget-wrap\">\n\t\t\t\t\t\t\t<\/div>\n\t\t<\/div>\n\t\t\t\t<div class=\"elementor-column elementor-col-33 elementor-inner-column elementor-element elementor-element-4352ca4\" data-id=\"4352ca4\" data-element_type=\"column\" data-e-type=\"column\">\n\t\t\t<div class=\"elementor-widget-wrap elementor-element-populated\">\n\t\t\t\t\t\t<div class=\"elementor-element elementor-element-c4d7a70 elementor-widget elementor-widget-image\" data-id=\"c4d7a70\" data-element_type=\"widget\" data-e-type=\"widget\" data-widget_type=\"image.default\">\n\t\t\t\t<div class=\"elementor-widget-container\">\n\t\t\t\t\t\t\t\t\t\t\t\t\t\t\t<img decoding=\"async\" width=\"1024\" height=\"889\" src=\"https:\/\/valeursagile.com\/wp-content\/uploads\/2023\/07\/PhotoBenoitDucoin-1024x889.png\" class=\"attachment-large size-large wp-image-1427 has-transparency\" alt=\"\" srcset=\"https:\/\/valeursagile.com\/wp-content\/uploads\/2023\/07\/PhotoBenoitDucoin-1024x889.png 1024w, https:\/\/valeursagile.com\/wp-content\/uploads\/2023\/07\/PhotoBenoitDucoin-300x260.png 300w, https:\/\/valeursagile.com\/wp-content\/uploads\/2023\/07\/PhotoBenoitDucoin-768x667.png 768w, https:\/\/valeursagile.com\/wp-content\/uploads\/2023\/07\/PhotoBenoitDucoin.png 1500w\" sizes=\"(max-width: 1024px) 100vw, 1024px\" data-has-transparency=\"true\" data-dominant-color=\"838964\" style=\"--dominant-color: #838964\" \/>\t\t\t\t\t\t\t\t\t\t\t\t\t\t\t<\/div>\n\t\t\t\t<\/div>\n\t\t\t\t<div class=\"elementor-element elementor-element-a6a7cc4 elementor-widget elementor-widget-image-box\" data-id=\"a6a7cc4\" data-element_type=\"widget\" data-e-type=\"widget\" data-widget_type=\"image-box.default\">\n\t\t\t\t<div class=\"elementor-widget-container\">\n\t\t\t\t\t<div class=\"elementor-image-box-wrapper\"><div class=\"elementor-image-box-content\"><h3 class=\"elementor-image-box-title\">Benoit Ducoin<\/h3><\/div><\/div>\t\t\t\t<\/div>\n\t\t\t\t<\/div>\n\t\t\t\t\t<\/div>\n\t\t<\/div>\n\t\t\t\t<div class=\"elementor-column elementor-col-33 elementor-inner-column elementor-element elementor-element-15f9155\" data-id=\"15f9155\" data-element_type=\"column\" data-e-type=\"column\">\n\t\t\t<div class=\"elementor-widget-wrap\">\n\t\t\t\t\t\t\t<\/div>\n\t\t<\/div>\n\t\t\t\t\t<\/div>\n\t\t<\/section>\n\t\t\t\t\t<\/div>\n\t\t<\/div>\n\t\t\t\t\t<\/div>\n\t\t<\/section>\n\t\t\t\t<\/div>\n\t\t","protected":false},"excerpt":{"rendered":"<p>A propos Devenez l\u2019entreprise la plus rapide \u00e0 saisir les opportunit\u00e9s du march\u00e9 m\u00eame en temps de crise\u200b Nos convictions L&rsquo;acc\u00e9l\u00e9ration technologique est pr\u00e9sente \u00e0 tout niveau et bouleverse r\u00e9guli\u00e8rement le march\u00e9 dans notre quotidien. Ce ph\u00e9nom\u00e8ne s&rsquo;est encore accentu\u00e9 avec les pr\u00e9c\u00e9dentes crises. Cependant, s&rsquo;adapter est non n\u00e9gociable pour ne pas\u00a0\u00eatre rapidement d\u00e9pass\u00e9s par &hellip;<\/p>\n<p class=\"read-more\"> <a class=\"\" href=\"https:\/\/valeursagile.com\/index.php\/about-us\/\"> <span class=\"screen-reader-text\">A propos<\/span> Lire la suite\u00a0\u00bb<\/a><\/p>\n","protected":false},"author":1,"featured_media":0,"parent":0,"menu_order":0,"comment_status":"closed","ping_status":"closed","template":"","meta":{"_uag_custom_page_level_css":"","site-sidebar-layout":"no-sidebar","site-content-layout":"page-builder","ast-global-header-display":"","ast-main-header-display":"","ast-hfb-above-header-display":"","ast-hfb-below-header-display":"","ast-hfb-mobile-header-display":"","site-post-title":"disabled","ast-breadcrumbs-content":"","ast-featured-img":"disabled","footer-sml-layout":"","theme-transparent-header-meta":"enabled","adv-header-id-meta":"","stick-header-meta":"","header-above-stick-meta":"","header-main-stick-meta":"","header-below-stick-meta":"","footnotes":""},"class_list":["post-1184","page","type-page","status-publish","hentry"],"yoast_head":"<!-- This site is optimized with the Yoast SEO plugin v20.8 - https:\/\/yoast.com\/wordpress\/plugins\/seo\/ -->\n<title>A propos - Valeurs Agile<\/title>\n<meta name=\"robots\" content=\"index, follow, max-snippet:-1, max-image-preview:large, max-video-preview:-1\" \/>\n<link rel=\"canonical\" href=\"https:\/\/valeursagile.com\/index.php\/about-us\/\" \/>\n<meta property=\"og:locale\" content=\"fr_FR\" \/>\n<meta property=\"og:type\" content=\"article\" \/>\n<meta property=\"og:title\" content=\"A propos - Valeurs Agile\" \/>\n<meta property=\"og:description\" content=\"A propos Devenez l\u2019entreprise la plus rapide \u00e0 saisir les opportunit\u00e9s du march\u00e9 m\u00eame en temps de crise\u200b Nos convictions L&rsquo;acc\u00e9l\u00e9ration technologique est pr\u00e9sente \u00e0 tout niveau et bouleverse r\u00e9guli\u00e8rement le march\u00e9 dans notre quotidien. Ce ph\u00e9nom\u00e8ne s&rsquo;est encore accentu\u00e9 avec les pr\u00e9c\u00e9dentes crises. Cependant, s&rsquo;adapter est non n\u00e9gociable pour ne pas\u00a0\u00eatre rapidement d\u00e9pass\u00e9s par &hellip; A propos Lire la suite\u00a0\u00bb\" \/>\n<meta property=\"og:url\" content=\"https:\/\/valeursagile.com\/index.php\/about-us\/\" \/>\n<meta property=\"og:site_name\" content=\"Valeurs Agile\" \/>\n<meta property=\"article:modified_time\" content=\"2024-01-13T16:47:57+00:00\" \/>\n<meta property=\"og:image\" content=\"https:\/\/valeursagile.com\/wp-content\/uploads\/2020\/07\/about-1.jpg\" \/>\n<meta name=\"twitter:card\" content=\"summary_large_image\" \/>\n<meta name=\"twitter:label1\" content=\"Dur\u00e9e de lecture estim\u00e9e\" \/>\n\t<meta name=\"twitter:data1\" content=\"2 minutes\" \/>\n<script type=\"application\/ld+json\" class=\"yoast-schema-graph\">{\"@context\":\"https:\/\/schema.org\",\"@graph\":[{\"@type\":\"WebPage\",\"@id\":\"https:\/\/valeursagile.com\/index.php\/about-us\/\",\"url\":\"https:\/\/valeursagile.com\/index.php\/about-us\/\",\"name\":\"A propos - Valeurs Agile\",\"isPartOf\":{\"@id\":\"https:\/\/valeursagile.com\/#website\"},\"datePublished\":\"2017-09-14T10:43:12+00:00\",\"dateModified\":\"2024-01-13T16:47:57+00:00\",\"breadcrumb\":{\"@id\":\"https:\/\/valeursagile.com\/index.php\/about-us\/#breadcrumb\"},\"inLanguage\":\"fr-FR\",\"potentialAction\":[{\"@type\":\"ReadAction\",\"target\":[\"https:\/\/valeursagile.com\/index.php\/about-us\/\"]}]},{\"@type\":\"BreadcrumbList\",\"@id\":\"https:\/\/valeursagile.com\/index.php\/about-us\/#breadcrumb\",\"itemListElement\":[{\"@type\":\"ListItem\",\"position\":1,\"name\":\"Accueil\",\"item\":\"https:\/\/valeursagile.com\/\"},{\"@type\":\"ListItem\",\"position\":2,\"name\":\"A propos\"}]},{\"@type\":\"WebSite\",\"@id\":\"https:\/\/valeursagile.com\/#website\",\"url\":\"https:\/\/valeursagile.com\/\",\"name\":\"Valeurs Agile\",\"description\":\"Piloter par la valeur en coh\u00e9rence avec vos valeurs\",\"publisher\":{\"@id\":\"https:\/\/valeursagile.com\/#organization\"},\"potentialAction\":[{\"@type\":\"SearchAction\",\"target\":{\"@type\":\"EntryPoint\",\"urlTemplate\":\"https:\/\/valeursagile.com\/?s={search_term_string}\"},\"query-input\":\"required name=search_term_string\"}],\"inLanguage\":\"fr-FR\"},{\"@type\":\"Organization\",\"@id\":\"https:\/\/valeursagile.com\/#organization\",\"name\":\"Valeurs Agile\",\"url\":\"https:\/\/valeursagile.com\/\",\"logo\":{\"@type\":\"ImageObject\",\"inLanguage\":\"fr-FR\",\"@id\":\"https:\/\/valeursagile.com\/#\/schema\/logo\/image\/\",\"url\":\"https:\/\/valeursagile.com\/wp-content\/uploads\/2023\/06\/cropped-11.png\",\"contentUrl\":\"https:\/\/valeursagile.com\/wp-content\/uploads\/2023\/06\/cropped-11.png\",\"width\":256,\"height\":249,\"caption\":\"Valeurs Agile\"},\"image\":{\"@id\":\"https:\/\/valeursagile.com\/#\/schema\/logo\/image\/\"}}]}<\/script>\n<!-- \/ Yoast SEO plugin. -->","yoast_head_json":{"title":"A propos - Valeurs Agile","robots":{"index":"index","follow":"follow","max-snippet":"max-snippet:-1","max-image-preview":"max-image-preview:large","max-video-preview":"max-video-preview:-1"},"canonical":"https:\/\/valeursagile.com\/index.php\/about-us\/","og_locale":"fr_FR","og_type":"article","og_title":"A propos - Valeurs Agile","og_description":"A propos Devenez l\u2019entreprise la plus rapide \u00e0 saisir les opportunit\u00e9s du march\u00e9 m\u00eame en temps de crise\u200b Nos convictions L&rsquo;acc\u00e9l\u00e9ration technologique est pr\u00e9sente \u00e0 tout niveau et bouleverse r\u00e9guli\u00e8rement le march\u00e9 dans notre quotidien. Ce ph\u00e9nom\u00e8ne s&rsquo;est encore accentu\u00e9 avec les pr\u00e9c\u00e9dentes crises. Cependant, s&rsquo;adapter est non n\u00e9gociable pour ne pas\u00a0\u00eatre rapidement d\u00e9pass\u00e9s par &hellip; A propos Lire la suite\u00a0\u00bb","og_url":"https:\/\/valeursagile.com\/index.php\/about-us\/","og_site_name":"Valeurs Agile","article_modified_time":"2024-01-13T16:47:57+00:00","og_image":[{"url":"https:\/\/valeursagile.com\/wp-content\/uploads\/2020\/07\/about-1.jpg"}],"twitter_card":"summary_large_image","twitter_misc":{"Dur\u00e9e de lecture estim\u00e9e":"2 minutes"},"schema":{"@context":"https:\/\/schema.org","@graph":[{"@type":"WebPage","@id":"https:\/\/valeursagile.com\/index.php\/about-us\/","url":"https:\/\/valeursagile.com\/index.php\/about-us\/","name":"A propos - Valeurs Agile","isPartOf":{"@id":"https:\/\/valeursagile.com\/#website"},"datePublished":"2017-09-14T10:43:12+00:00","dateModified":"2024-01-13T16:47:57+00:00","breadcrumb":{"@id":"https:\/\/valeursagile.com\/index.php\/about-us\/#breadcrumb"},"inLanguage":"fr-FR","potentialAction":[{"@type":"ReadAction","target":["https:\/\/valeursagile.com\/index.php\/about-us\/"]}]},{"@type":"BreadcrumbList","@id":"https:\/\/valeursagile.com\/index.php\/about-us\/#breadcrumb","itemListElement":[{"@type":"ListItem","position":1,"name":"Accueil","item":"https:\/\/valeursagile.com\/"},{"@type":"ListItem","position":2,"name":"A propos"}]},{"@type":"WebSite","@id":"https:\/\/valeursagile.com\/#website","url":"https:\/\/valeursagile.com\/","name":"Valeurs Agile","description":"Piloter par la valeur en coh\u00e9rence avec vos valeurs","publisher":{"@id":"https:\/\/valeursagile.com\/#organization"},"potentialAction":[{"@type":"SearchAction","target":{"@type":"EntryPoint","urlTemplate":"https:\/\/valeursagile.com\/?s={search_term_string}"},"query-input":"required name=search_term_string"}],"inLanguage":"fr-FR"},{"@type":"Organization","@id":"https:\/\/valeursagile.com\/#organization","name":"Valeurs Agile","url":"https:\/\/valeursagile.com\/","logo":{"@type":"ImageObject","inLanguage":"fr-FR","@id":"https:\/\/valeursagile.com\/#\/schema\/logo\/image\/","url":"https:\/\/valeursagile.com\/wp-content\/uploads\/2023\/06\/cropped-11.png","contentUrl":"https:\/\/valeursagile.com\/wp-content\/uploads\/2023\/06\/cropped-11.png","width":256,"height":249,"caption":"Valeurs Agile"},"image":{"@id":"https:\/\/valeursagile.com\/#\/schema\/logo\/image\/"}}]}},"uagb_featured_image_src":{"full":false,"thumbnail":false,"medium":false,"medium_large":false,"large":false,"1536x1536":false,"2048x2048":false},"uagb_author_info":{"display_name":"admin5112","author_link":"https:\/\/valeursagile.com\/index.php\/author\/admin5112\/"},"uagb_comment_info":0,"uagb_excerpt":"A propos Devenez l\u2019entreprise la plus rapide \u00e0 saisir les opportunit\u00e9s du march\u00e9 m\u00eame en temps de crise\u200b Nos convictions L&rsquo;acc\u00e9l\u00e9ration technologique est pr\u00e9sente \u00e0 tout niveau et bouleverse r\u00e9guli\u00e8rement le march\u00e9 dans notre quotidien. Ce ph\u00e9nom\u00e8ne s&rsquo;est encore accentu\u00e9 avec les pr\u00e9c\u00e9dentes crises. Cependant, s&rsquo;adapter est non n\u00e9gociable pour ne pas\u00a0\u00eatre rapidement d\u00e9pass\u00e9s par\u2026","jetpack_sharing_enabled":true,"_links":{"self":[{"href":"https:\/\/valeursagile.com\/index.php\/wp-json\/wp\/v2\/pages\/1184","targetHints":{"allow":["GET"]}}],"collection":[{"href":"https:\/\/valeursagile.com\/index.php\/wp-json\/wp\/v2\/pages"}],"about":[{"href":"https:\/\/valeursagile.com\/index.php\/wp-json\/wp\/v2\/types\/page"}],"author":[{"embeddable":true,"href":"https:\/\/valeursagile.com\/index.php\/wp-json\/wp\/v2\/users\/1"}],"replies":[{"embeddable":true,"href":"https:\/\/valeursagile.com\/index.php\/wp-json\/wp\/v2\/comments?post=1184"}],"version-history":[{"count":36,"href":"https:\/\/valeursagile.com\/index.php\/wp-json\/wp\/v2\/pages\/1184\/revisions"}],"predecessor-version":[{"id":1555,"href":"https:\/\/valeursagile.com\/index.php\/wp-json\/wp\/v2\/pages\/1184\/revisions\/1555"}],"wp:attachment":[{"href":"https:\/\/valeursagile.com\/index.php\/wp-json\/wp\/v2\/media?parent=1184"}],"curies":[{"name":"wp","href":"https:\/\/api.w.org\/{rel}","templated":true}]}}